{"id":84,"date":"2023-01-16T14:48:06","date_gmt":"2023-01-16T17:48:06","guid":{"rendered":"https:\/\/sc33.org.br\/?page_id=84"},"modified":"2025-11-04T10:43:19","modified_gmt":"2025-11-04T13:43:19","slug":"revista-astrea","status":"publish","type":"page","link":"https:\/\/sc33.org.br\/index.php\/revista-astrea\/","title":{"rendered":"REVISTA ASTR\u00c9A"},"content":{"rendered":"\t\t<div data-elementor-type=\"wp-page\" data-elementor-id=\"84\" class=\"elementor elementor-84\">\n\t\t\t\t\t\t<section class=\"elementor-section elementor-top-section elementor-element elementor-element-0e6f065 elementor-section-boxed elementor-section-height-default elementor-section-height-default\" data-id=\"0e6f065\" data-element_type=\"section\">\n\t\t\t\t\t\t<div class=\"elementor-container elementor-column-gap-default\">\n\t\t\t\t\t<div class=\"elementor-column elementor-col-100 elementor-top-column elementor-element elementor-element-e1471f1\" data-id=\"e1471f1\" data-element_type=\"column\">\n\t\t\t<div class=\"elementor-widget-wrap elementor-element-populated\">\n\t\t\t\t\t\t<div class=\"elementor-element elementor-element-1888aa6 elementor-widget__width-initial elementor-widget elementor-widget-html\" data-id=\"1888aa6\" data-element_type=\"widget\" data-widget_type=\"html.default\">\n\t\t\t\t<div class=\"elementor-widget-container\">\n\t\t\t\t\t<body>\r\n<style>\r\ntable {\r\n    width: 100%;\r\n    border-collapse: separate;\r\n    border-spacing: 0;\r\n    border: 1px solid #720404;\r\n    border-radius: 12px;\r\n    overflow: hidden;\r\n    font-family: Arial, Helvetica, sans-serif;\r\n}\r\n\r\n\/* Cabe\u00e7alho *\/\r\nth {\r\n    text-align: center;\r\n    background-color: #720404;\r\n    color: #ffffff;\r\n    padding: 10px;\r\n    font-size: 16px;\r\n}\r\n\r\n\/* Linhas alternadas *\/\r\ntr:nth-child(even) {\r\n    background-color: #f8f8f8;\r\n}\r\n\r\n\/* Colunas *\/\r\n.edicao, .mes, .ano {\r\n    width: 12%;\r\n    text-align: center;\r\n    font-weight: bold;\r\n    color: #ffffff;\r\n    background-color: #720404;\r\n    padding: 8px;\r\n}\r\n\r\n.materias {\r\n    width: 76%;\r\n    color: #000000;\r\n    padding: 8px;\r\n}\r\n\r\n\/* Links da coluna de edi\u00e7\u00e3o *\/\r\n.edicao a {\r\n    color: #ffffff;\r\n    text-decoration: none;\r\n    font-weight: bold;\r\n}\r\n\r\n.edicao a:hover {\r\n    color: #ffdddd;\r\n    text-decoration: underline;\r\n}\r\n\r\n\/* Efeito hover geral *\/\r\ntr:hover {\r\n    background-color: #f3e6e6;\r\n    transition: 0.2s ease-in-out;\r\n}\r\n<\/style>\r\n<table border=\"1\">\r\n    <tr>\r\n        <th class=\"edicao\">Edi\u00e7\u00e3o<\/th>\r\n        <th class=\"mes\">M\u00eas<\/th>\r\n        <th class=\"conteudo\">Mat\u00e9rias Publicadas<\/th>\r\n    <\/tr>\r\n    <!-- Adicione as ultimas edi\u00e7\u00f5es -->\r\n    <tr>\r\n        <td class=\"edicao\"><a href=\"https:\/\/www.sc33.org.br\/documents\/revista_astrea\/AstreaN01-1927.pdf\">Edi\u00e7\u00e3o 001<\/a><\/td>\r\n        <td class=\"ano\">Ano - 1927<\/td>\r\n        <td class=\"materias\">Astr\u00e9a n\u00ba 01<\/td>\r\n    <\/tr>\r\n     <tr>\r\n        <td class=\"edicao\"><a href=\"https:\/\/www.sc33.org.br\/documents\/revista_astrea\/AstreaN02-1927.pdf\">Edi\u00e7\u00e3o 002<\/a><\/td>\r\n        <td class=\"ano\">Ano - 1927<\/td>\r\n        <td class=\"materias\">Astr\u00e9a n\u00ba 02<\/td>\r\n    <\/tr> \r\n    <tr>\r\n        <td class=\"edicao\"><a href=\"https:\/\/www.sc33.org.br\/documents\/revista_astrea\/AstreaN03-1927.pdf\">Edi\u00e7\u00e3o 003<\/a><\/td>\r\n        <td class=\"ano\">Ano - 1927<\/td>\r\n        <td class=\"materias\">Astr\u00e9a n\u00ba 03<\/td>\r\n    <\/tr> \r\n    <tr>\r\n        <td class=\"edicao\"><a href=\"https:\/\/www.sc33.org.br\/documents\/revista_astrea\/AstreaN04-1927.pdf\">Edi\u00e7\u00e3o 004<\/a><\/td>\r\n        <td class=\"ano\">Ano - 1927<\/td>\r\n        <td class=\"materias\">Astr\u00e9a n\u00ba 04<\/td>\r\n    <\/tr> \r\n    <tr>\r\n        <td class=\"edicao\"><a href=\"https:\/\/www.sc33.org.br\/documents\/revista_astrea\/AstreaN05-1927.pdf\">Edi\u00e7\u00e3o 005<\/a><\/td>\r\n        <td class=\"ano\">Ano - 1927<\/td>\r\n        <td class=\"materias\">Astr\u00e9a n\u00ba 05<\/td>\r\n    <\/tr> \r\n    <tr>\r\n        <td class=\"edicao\"><a href=\"https:\/\/www.sc33.org.br\/documents\/revista_astrea\/AstreaN06-1927.pdf\">Edi\u00e7\u00e3o 006<\/a><\/td>\r\n        <td class=\"ano\">Ano - 1927<\/td>\r\n        <td class=\"materias\">Astr\u00e9a n\u00ba 06<\/td>\r\n    <\/tr> \r\n    <tr>\r\n        <td class=\"edicao\"><a href=\"https:\/\/www.sc33.org.br\/documents\/revista_astrea\/AstreaN07e08-1927.pdf\">Edi\u00e7\u00e3o 007<\/a><\/td>\r\n        <td class=\"ano\">Ano - 1927<\/td>\r\n        <td class=\"materias\">Astr\u00e9a n\u00ba 07 e n\u00ba 08<\/td>\r\n    <\/tr>\r\n    <tr>\r\n        <td class=\"edicao\"><a href=\"https:\/\/www.sc33.org.br\/documents\/revista_astrea\/AstreaN09-1927.pdf\">Edi\u00e7\u00e3o 009<\/a><\/td>\r\n        <td class=\"ano\">Ano - 1927<\/td>\r\n        <td class=\"materias\">Astr\u00e9a n\u00ba 09<\/td>\r\n    <\/tr> \r\n    <tr>\r\n        <td class=\"edicao\"><a href=\"https:\/\/www.sc33.org.br\/documents\/revista_astrea\/AstreaN10-1927.pdf\">Edi\u00e7\u00e3o 010<\/a><\/td>\r\n        <td class=\"ano\">Ano - 1927<\/td>\r\n        <td class=\"materias\">Astr\u00e9a n\u00ba 10<\/td>\r\n    <\/tr> \r\n    <tr>\r\n        <td class=\"edicao\"><a href=\"https:\/\/www.sc33.org.br\/documents\/revista_astrea\/AstreaN11-1927.pdf\">Edi\u00e7\u00e3o 011<\/a><\/td>\r\n        <td class=\"ano\">Ano - 1927<\/td>\r\n        <td class=\"materias\">Astr\u00e9a n\u00ba 11<\/td>\r\n    <\/tr> \r\n    <tr>\r\n        <td class=\"edicao\"><a href=\"https:\/\/www.sc33.org.br\/documents\/revista_astrea\/AstreaN12-1927.pdf\">Edi\u00e7\u00e3o 012<\/a><\/td>\r\n        <td class=\"ano\">Ano - 1927<\/td>\r\n        <td class=\"materias\">Astr\u00e9a n\u00ba 12<\/td>\r\n    <\/tr>\r\n    <tr>\r\n        <th class=\"edicao\">Edi\u00e7\u00e3o<\/th>\r\n        <th class=\"mes\">M\u00eas<\/th>\r\n        <th class=\"conteudo\">Mat\u00e9rias Publicadas<\/th>\r\n    <\/tr>\r\n                                <!-- Edi\u00e7\u00f5es ano de 1928-->\r\n    <tr>\r\n        <td class=\"edicao\"><a href=\"https:\/\/www.sc33.org.br\/documents\/revista_astrea\/AstreaN01-1928.pdf\">Edi\u00e7\u00e3o 001<\/a><\/td>\r\n        <td class=\"ano\">Ano - 1928<\/td>\r\n        <td class=\"materias\">Astr\u00e9a n\u00ba 01<\/td>\r\n    <\/tr>\r\n    <tr>\r\n        <td class=\"edicao\"><a href=\"https:\/\/www.sc33.org.br\/documents\/revista_astrea\/AstreaN02-1928.pdf\">Edi\u00e7\u00e3o 002<\/a><\/td>\r\n        <td class=\"ano\">Ano - 1928<\/td>\r\n        <td class=\"materias\">Astr\u00e9a n\u00ba 002<\/td>\r\n    <\/tr>\r\n    <tr>\r\n        <td class=\"edicao\"><a href=\"https:\/\/www.sc33.org.br\/documents\/revista_astrea\/AstreaN03-1928.pdf\">Edi\u00e7\u00e3o 003<\/a><\/td>\r\n        <td class=\"ano\">Ano - 1928<\/td>\r\n        <td class=\"materias\">Astr\u00e9a n\u00ba 002<\/td>\r\n    <\/tr>\r\n    <tr>\r\n        <td class=\"edicao\"><a href=\"https:\/\/www.sc33.org.br\/documents\/revista_astrea\/AstreaN04-1928.pdf\">Edi\u00e7\u00e3o 004<\/a><\/td>\r\n        <td class=\"ano\">Ano - 1928<\/td>\r\n        <td class=\"materias\">Astr\u00e9a n\u00ba 003<\/td>\r\n    <\/tr>\r\n    <tr>\r\n        <td class=\"edicao\"><a href=\"https:\/\/www.sc33.org.br\/documents\/revista_astrea\/AstreaN05-1928.pdf\">Edi\u00e7\u00e3o 005<\/a><\/td>\r\n        <td class=\"ano\">Ano - 1928<\/td>\r\n        <td class=\"materias\">Astr\u00e9a n\u00ba 004<\/td>\r\n    <\/tr>\r\n    <tr>\r\n        <td class=\"edicao\"><a href=\"https:\/\/www.sc33.org.br\/documents\/revista_astrea\/AstreaN06-1928.pdf\">Edi\u00e7\u00e3o 006<\/a><\/td>\r\n        <td class=\"ano\">Ano - 1928<\/td>\r\n        <td class=\"materias\">Astr\u00e9a n\u00ba 005<\/td>\r\n    <\/tr>\r\n    <tr>\r\n        <td class=\"edicao\"><a href=\"https:\/\/www.sc33.org.br\/documents\/revista_astrea\/AstreaN07e08-1928.pdf\">Edi\u00e7\u00e3o 007<\/a><\/td>\r\n        <td class=\"ano\">Ano - 1928<\/td>\r\n        <td class=\"materias\">Astr\u00e9a n\u00ba 007 e n\u00ba 008<\/td>\r\n    <\/tr>\r\n    <tr>\r\n        <td class=\"edicao\"><a href=\"https:\/\/www.sc33.org.br\/documents\/revista_astrea\/AstreaN09e10-1928.pdf\">Edi\u00e7\u00e3o 009<\/a><\/td>\r\n        <td class=\"ano\">Ano - 1928<\/td>\r\n        <td class=\"materias\">Astr\u00e9a n\u00ba 009 e n\u00ba 010<\/td>\r\n    <\/tr>\r\n    <tr>\r\n        <td class=\"edicao\"><a href=\"https:\/\/www.sc33.org.br\/documents\/revista_astrea\/AstreaN11e12-1928.pdf\">Edi\u00e7\u00e3o 011<\/a><\/td>\r\n        <td class=\"ano\">Ano - 1928<\/td>\r\n        <td class=\"materias\">Astr\u00e9a n\u00ba 011 e n\u00ba012<\/td>\r\n    <\/tr>\r\n    <tr>\r\n        <th class=\"edicao\">Edi\u00e7\u00e3o<\/th>\r\n        <th class=\"mes\">M\u00eas<\/th>\r\n        <th class=\"conteudo\">Mat\u00e9rias Publicadas<\/th>\r\n    <\/tr>\r\n                                <!-- Edi\u00e7\u00f5es de 1929 -->\r\n     <tr>\r\n        <td class=\"edicao\"><a href=\"https:\/\/www.sc33.org.br\/documents\/revista_astrea\/AstreaN01-1929.pdf\">Edi\u00e7\u00e3o 001<\/a><\/td>\r\n        <td class=\"ano\">Ano - 1929<\/td>\r\n        <td class=\"materias\">Astr\u00e9a n\u00ba 001<\/td>\r\n    <\/tr>\r\n     <tr>\r\n        <td class=\"edicao\"><a href=\"https:\/\/www.sc33.org.br\/documents\/revista_astrea\/AstreaN02-1929.pdf\">Edi\u00e7\u00e3o 002<\/a><\/td>\r\n        <td class=\"ano\">Ano - 1929<\/td>\r\n        <td class=\"materias\">Astr\u00e9a n\u00ba 002<\/td>\r\n    <\/tr>\r\n     <tr>\r\n        <td class=\"edicao\"><a href=\"https:\/\/www.sc33.org.br\/documents\/revista_astrea\/AstreaN03e04-1929.pdf\">Edi\u00e7\u00e3o 003<\/a><\/td>\r\n        <td class=\"ano\">Ano - 1929<\/td>\r\n        <td class=\"materias\">Astr\u00e9a n\u00ba 003 e n\u00ba 004<\/td>\r\n    <\/tr>\r\n         <tr>\r\n        <td class=\"edicao\"><a href=\"https:\/\/www.sc33.org.br\/documents\/revista_astrea\/AstreaN05e06-1929.pdf\">Edi\u00e7\u00e3o 005<\/a><\/td>\r\n        <td class=\"ano\">Ano - 1929<\/td>\r\n        <td class=\"materias\">Astr\u00e9a n\u00ba 005 e n\u00ba 006<\/td>\r\n    <\/tr>\r\n         <tr>\r\n        <td class=\"edicao\"><a href=\"https:\/\/www.sc33.org.br\/documents\/revista_astrea\/AstreaN07e08e09-1929.pdf\">Edi\u00e7\u00e3o 007<\/a><\/td>\r\n        <td class=\"ano\">Ano - 1929<\/td>\r\n        <td class=\"materias\">Astr\u00e9a n\u00ba 007 , n\u00ba 008 e n\u00ba 009<\/td>\r\n    <\/tr>\r\n     <tr>\r\n        <td class=\"edicao\"><a href=\"https:\/\/www.sc33.org.br\/documents\/revista_astrea\/AstreaN10e11e12-1929.pdf\">Edi\u00e7\u00e3o 010<\/a><\/td>\r\n        <td class=\"ano\">Ano - 1929<\/td>\r\n        <td class=\"materias\">Astr\u00e9a n\u00ba 010, n\u00ba 011 e n\u00ba 012<\/td>\r\n    <\/tr>\r\n                                <!-- Edi\u00e7\u00e3o de 1930 -->\r\n    <tr>\r\n        <th class=\"edicao\">Edi\u00e7\u00e3o<\/th>\r\n        <th class=\"mes\">M\u00eas<\/th>\r\n        <th class=\"conteudo\">Mat\u00e9rias Publicadas<\/th>\r\n    <\/tr>\r\n    <tr>\r\n        <td class=\"edicao\"><a href=\"https:\/\/www.sc33.org.br\/documents\/revista_astrea\/AstreaN01-1930.pdf\">Edi\u00e7\u00e3o 001<\/a><\/td>\r\n        <td class=\"ano\">Ano - 1930<\/td>\r\n        <td class=\"materias\">Astr\u00e9a n\u00ba 001<\/td>\r\n    <\/tr>\r\n     <tr>\r\n        <td class=\"edicao\"><a href=\"https:\/\/www.sc33.org.br\/documents\/revista_astrea\/AstreaN02-1930.pdf\">Edi\u00e7\u00e3o 002<\/a><\/td>\r\n        <td class=\"ano\">Ano - 1930<\/td>\r\n        <td class=\"materias\">Astr\u00e9a n\u00ba 002<\/td>\r\n    <\/tr>\r\n     <tr>\r\n        <td class=\"edicao\"><a href=\"https:\/\/www.sc33.org.br\/documents\/revista_astrea\/AstreaN03-1930.pdf\">Edi\u00e7\u00e3o 003<\/a><\/td>\r\n        <td class=\"ano\">Ano - 1930<\/td>\r\n        <td class=\"materias\">Astr\u00e9a n\u00ba 003<\/td>\r\n    <\/tr>\r\n     <tr>\r\n        <td class=\"edicao\"><a href=\"https:\/\/www.sc33.org.br\/documents\/revista_astrea\/AstreaN04-1930.pdf\">Edi\u00e7\u00e3o 004<\/a><\/td>\r\n        <td class=\"ano\">Ano - 1930<\/td>\r\n        <td class=\"materias\">Astr\u00e9a n\u00ba 004<\/td>\r\n    <\/tr>\r\n     <tr>\r\n        <td class=\"edicao\"><a href=\"https:\/\/www.sc33.org.br\/documents\/revista_astrea\/AstreaN05-1930.pdf\">Edi\u00e7\u00e3o 005<\/a><\/td>\r\n        <td class=\"ano\">Ano - 1930<\/td>\r\n        <td class=\"materias\">Astr\u00e9a n\u00ba 005<\/td>\r\n    <\/tr>\r\n     <tr>\r\n        <td class=\"edicao\"><a href=\"https:\/\/www.sc33.org.br\/documents\/revista_astrea\/AstreaN06-1930.pdf\">Edi\u00e7\u00e3o 006<\/a><\/td>\r\n        <td class=\"ano\">Ano - 1930<\/td>\r\n        <td class=\"materias\">Astr\u00e9a n\u00ba 006<\/td>\r\n    <\/tr>\r\n     <tr>\r\n        <td class=\"edicao\"><a href=\"https:\/\/www.sc33.org.br\/documents\/revista_astrea\/AstreaN07e08-1930.pdf\">Edi\u00e7\u00e3o 007<\/a><\/td>\r\n        <td class=\"ano\">Ano - 1930<\/td>\r\n        <td class=\"materias\">Astr\u00e9a n\u00ba 007 e n\u00ba 008<\/td>\r\n    <\/tr>\r\n     <tr>\r\n        <td class=\"edicao\"><a href=\"https:\/\/www.sc33.org.br\/documents\/revista_astrea\/AstreaN09-1930.pdf\">Edi\u00e7\u00e3o 009<\/a><\/td>\r\n        <td class=\"ano\">Ano - 1930<\/td>\r\n        <td class=\"materias\">Astr\u00e9a n\u00ba 009<\/td>\r\n    <\/tr>\r\n     <tr>\r\n        <td class=\"edicao\"><a href=\"https:\/\/www.sc33.org.br\/documents\/revista_astrea\/AstreaN10e11-1930.pdf\">Edi\u00e7\u00e3o 010<\/a><\/td>\r\n        <td class=\"ano\">Ano - 1930<\/td>\r\n        <td class=\"materias\">Astr\u00e9a n\u00ba 010 e n\u00ba 011<\/td>\r\n    <\/tr>\r\n     <tr>\r\n        <td class=\"edicao\"><a href=\"https:\/\/www.sc33.org.br\/documents\/revista_astrea\/AstreaN12-1930.pdf\">Edi\u00e7\u00e3o 012<\/a><\/td>\r\n        <td class=\"ano\">Ano - 1930<\/td>\r\n        <td class=\"materias\">Astr\u00e9a n\u00ba 012<\/td>\r\n    <\/tr>\r\n                                <!-- Edi\u00e7\u00e3o de 1931 -->\r\n    <tr>\r\n        <th class=\"edicao\">Edi\u00e7\u00e3o<\/th>\r\n        <th class=\"mes\">M\u00eas<\/th>\r\n        <th class=\"conteudo\">Mat\u00e9rias Publicadas<\/th>\r\n    <\/tr>\r\n     <tr>\r\n        <td class=\"edicao\"><a href=\"https:\/\/www.sc33.org.br\/documents\/revista_astrea\/AstreaN01-1931.pdf\">Edi\u00e7\u00e3o 001<\/a><\/td>\r\n        <td class=\"ano\">Ano - 1931<\/td>\r\n        <td class=\"materias\">Astr\u00e9a n\u00ba 001<\/td>\r\n    <\/tr>\r\n     <tr>\r\n        <td class=\"edicao\"><a href=\"https:\/\/www.sc33.org.br\/documents\/revista_astrea\/AstreaN02-1931.pdf\">Edi\u00e7\u00e3o 002<\/a><\/td>\r\n        <td class=\"ano\">Ano - 1931<\/td>\r\n        <td class=\"materias\">Astr\u00e9a n\u00ba 002<\/td>\r\n    <\/tr>\r\n     <tr>\r\n        <td class=\"edicao\"><a href=\"https:\/\/www.sc33.org.br\/documents\/revista_astrea\/AstreaN03-1931.pdf\">Edi\u00e7\u00e3o 003<\/a><\/td>\r\n        <td class=\"ano\">Ano - 1931<\/td>\r\n        <td class=\"materias\">Astr\u00e9a n\u00ba 003<\/td>\r\n    <\/tr>\r\n     <tr>\r\n        <td class=\"edicao\"><a href=\"https:\/\/www.sc33.org.br\/documents\/revista_astrea\/AstreaN04-1931.pdf\">Edi\u00e7\u00e3o 004<\/a><\/td>\r\n        <td class=\"ano\">Ano - 1931<\/td>\r\n        <td class=\"materias\">Astr\u00e9a n\u00ba 004<\/td>\r\n    <\/tr>\r\n     <tr>\r\n        <td class=\"edicao\"><a href=\"https:\/\/www.sc33.org.br\/documents\/revista_astrea\/AstreaN05e06-1931.pdf\">Edi\u00e7\u00e3o 005<\/a><\/td>\r\n        <td class=\"ano\">Ano - 1931<\/td>\r\n        <td class=\"materias\">Astr\u00e9a n\u00ba 005 e n\u00ba 006<\/td>\r\n    <\/tr>\r\n     <tr>\r\n        <td class=\"edicao\"><a href=\"https:\/\/www.sc33.org.br\/documents\/revista_astrea\/AstreaN07e08e09-1931.pdf\">Edi\u00e7\u00e3o 007<\/a><\/td>\r\n        <td class=\"ano\">Ano - 1931<\/td>\r\n        <td class=\"materias\">Astr\u00e9a n\u00ba 007, n\u00ba 008 e n\u00ba 009<\/td>\r\n    <\/tr>\r\n     <tr>\r\n        <td class=\"edicao\"><a href=\"https:\/\/www.sc33.org.br\/documents\/revista_astrea\/AstreaN10e11e12-1931.pdf\">Edi\u00e7\u00e3o 010<\/a><\/td>\r\n        <td class=\"ano\">Ano - 1931<\/td>\r\n        <td class=\"materias\">Astr\u00e9a n\u00ba 010, n\u00ba 011 e n\u00ba 012<\/td>\r\n    <\/tr>\r\n                                <!-- Edi\u00e7\u00e3o 1935-->\r\n    <tr>\r\n        <th class=\"edicao\">Edi\u00e7\u00e3o<\/th>\r\n        <th class=\"mes\">M\u00eas<\/th>\r\n        <th class=\"conteudo\">Mat\u00e9rias Publicadas<\/th>\r\n    <\/tr>\r\n     <tr>\r\n        <td class=\"edicao\"><a href=\"https:\/\/www.sc33.org.br\/documents\/revista_astrea\/AstreaN01-1935.pdf\">Edi\u00e7\u00e3o 001<\/a><\/td>\r\n        <td class=\"ano\">Janeiro - 1935<\/td>\r\n        <td class=\"materias\">Astr\u00e9a n\u00ba 001<\/td>\r\n    <\/tr>\r\n     <tr>\r\n        <td class=\"edicao\"><a href=\"https:\/\/www.sc33.org.br\/documents\/revista_astrea\/AstreaN02e03e04-1935.pdf\">Edi\u00e7\u00e3o 002<\/a><\/td>\r\n        <td class=\"ano\">Janeiro, Fevereiro a Abril - 1935<\/td>\r\n        <td class=\"materias\">Astr\u00e9a n\u00ba 002, n\u00ba 003 e n\u00ba 004<\/td>\r\n    <\/tr>\r\n                                <!-- Edi\u00e7\u00e3o 1946 -->\r\n    <tr>\r\n        <th class=\"edicao\">Edi\u00e7\u00e3o<\/th>\r\n        <th class=\"mes\">M\u00eas<\/th>\r\n        <th class=\"conteudo\">Mat\u00e9rias Publicadas<\/th>\r\n    <\/tr>\r\n     <tr>\r\n        <td class=\"edicao\"><a href=\"https:\/\/www.sc33.org.br\/documents\/revista_astrea\/AstreaN01-1946.pdf\">Edi\u00e7\u00e3o 001<\/a><\/td>\r\n        <td class=\"ano\">Agosto - 1946<\/td>\r\n        <td class=\"materias\">Astr\u00e9a n\u00ba 001<\/td>\r\n    <\/tr>\r\n     <tr>\r\n        <td class=\"edicao\"><a href=\"https:\/\/www.sc33.org.br\/documents\/revista_astrea\/AstreaN02-1946.pdf\">Edi\u00e7\u00e3o 002<\/a><\/td>\r\n        <td class=\"ano\">Setembro - 1946<\/td>\r\n        <td class=\"materias\">Astr\u00e9a n\u00ba 002<\/td>\r\n    <\/tr>\r\n       <tr>\r\n        <td class=\"edicao\"><a href=\"https:\/\/www.sc33.org.br\/documents\/revista_astrea\/AstreaN03-1946.pdf\">Edi\u00e7\u00e3o 003<\/a><\/td>\r\n        <td class=\"ano\">Outubro - 1946<\/td>\r\n        <td class=\"materias\">Astr\u00e9a n\u00ba 003<\/td>\r\n    <\/tr>\r\n     <tr>\r\n        <td class=\"edicao\"><a href=\"https:\/\/www.sc33.org.br\/documents\/revista_astrea\/AstreaN04-1946.pdf\">Edi\u00e7\u00e3o 004<\/a><\/td>\r\n        <td class=\"ano\">Novembro - 1946<\/td>\r\n        <td class=\"materias\">Astr\u00e9a n\u00ba 004<\/td>\r\n    <\/tr>\r\n       <tr>\r\n        <td class=\"edicao\"><a href=\"https:\/\/www.sc33.org.br\/documents\/revista_astrea\/AstreaN05-1946.pdf\">Edi\u00e7\u00e3o 005<\/a><\/td>\r\n        <td class=\"ano\">Dezembro - 1946<\/td>\r\n        <td class=\"materias\">Astr\u00e9a n\u00ba 005<\/td>\r\n    <\/tr>\r\n                            <!-- Edi\u00e7\u00e3o 1947 -->\r\n            \r\n    <tr>\r\n        <th class=\"edicao\">Edi\u00e7\u00e3o<\/th>\r\n        <th class=\"mes\">M\u00eas<\/th>\r\n        <th class=\"conteudo\">Mat\u00e9rias Publicadas<\/th>\r\n    <\/tr>\r\n     <tr>\r\n        <td class=\"edicao\"><a href=\"https:\/\/www.sc33.org.br\/documents\/revista_astrea\/AstreaN06-1947.pdf\">Edi\u00e7\u00e3o 006<\/a><\/td>\r\n        <td class=\"ano\">Janeiro - 1947<\/td>\r\n        <td class=\"materias\">Astr\u00e9a n\u00ba 006<\/td>\r\n    <\/tr>\r\n     <tr>\r\n        <td class=\"edicao\"><a href=\"https:\/\/www.sc33.org.br\/documents\/revista_astrea\/AstreaN07-1947.pdf\">Edi\u00e7\u00e3o 007<\/a><\/td>\r\n        <td class=\"ano\">Fevereiro - 1947<\/td>\r\n        <td class=\"materias\">Astr\u00e9a n\u00ba 007<\/td>\r\n    <\/tr>\r\n       <tr>\r\n        <td class=\"edicao\"><a href=\"https:\/\/www.sc33.org.br\/documents\/revista_astrea\/AstreaN08-1947.pdf\">Edi\u00e7\u00e3o 008<\/a><\/td>\r\n        <td class=\"ano\">Mar\u00e7o - 1947<\/td>\r\n        <td class=\"materias\">Astr\u00e9a n\u00ba 008<\/td>\r\n    <\/tr>\r\n     <tr>\r\n        <td class=\"edicao\"><a href=\"https:\/\/www.sc33.org.br\/documents\/revista_astrea\/AstreaN09-1947.pdf\">Edi\u00e7\u00e3o 009<\/a><\/td>\r\n        <td class=\"ano\">Abril - 1947<\/td>\r\n        <td class=\"materias\">Astr\u00e9a n\u00ba 009<\/td>\r\n    <\/tr>\r\n       <tr>\r\n        <td class=\"edicao\"><a href=\"https:\/\/www.sc33.org.br\/documents\/revista_astrea\/AstreaN10-1947.pdf\">Edi\u00e7\u00e3o 010<\/a><\/td>\r\n        <td class=\"ano\">Maio - 1947<\/td>\r\n        <td class=\"materias\">Astr\u00e9a n\u00ba 010<\/td>\r\n    <\/tr>\r\n     <tr>\r\n        <td class=\"edicao\"><a href=\"https:\/\/www.sc33.org.br\/documents\/revista_astrea\/AstreaN11-1947.pdf\">Edi\u00e7\u00e3o 011<\/a><\/td>\r\n        <td class=\"ano\">Junho - 1947<\/td>\r\n        <td class=\"materias\">Astr\u00e9a n\u00ba 011<\/td>\r\n    <\/tr>\r\n       <tr>\r\n        <td class=\"edicao\"><a href=\"https:\/\/www.sc33.org.br\/documents\/revista_astrea\/AstreaN12-1947.pdf\">Edi\u00e7\u00e3o 012<\/a><\/td>\r\n        <td class=\"ano\">Julho - 1947<\/td>\r\n        <td class=\"materias\">Astr\u00e9a n\u00ba 012<\/td>\r\n    <\/tr>\r\n            <!-- Edi\u00e7\u00f5es de 2015 \/ 2019 -->\r\n       <tr>\r\n        <td class=\"edicao\"><a href=\"https:\/\/www.sc33.org.br\/documents\/revista_astrea\/Astrea35.pdf\">Edi\u00e7\u00e3o 035<\/a><\/td>\r\n        <td class=\"ano\">2014<\/td>\r\n        <td class=\"materias\">Astr\u00e9a n\u00ba 035<\/td>\r\n    <\/tr>\r\n       <tr>\r\n        <td class=\"edicao\"><a href=\"https:\/\/www.sc33.org.br\/documents\/revista_astrea\/Astrea37.pdf\">Edi\u00e7\u00e3o 037<\/a><\/td>\r\n        <td class=\"ano\">2015<\/td>\r\n        <td class=\"materias\">Astr\u00e9a n\u00ba 037<\/td>\r\n    <\/tr>\r\n       <tr>\r\n        <td class=\"edicao\"><a href=\"https:\/\/www.sc33.org.br\/documents\/revista_astrea\/Astrea38.pdf\">Edi\u00e7\u00e3o 038<\/a><\/td>\r\n        <td class=\"ano\">2016<\/td>\r\n        <td class=\"materias\">Astr\u00e9a n\u00ba 038<\/td>\r\n    <\/tr>\r\n       <tr>\r\n        <td class=\"edicao\"><a href=\"https:\/\/www.sc33.org.br\/documents\/revista_astrea\/Astrea39.pdf\">Edi\u00e7\u00e3o 039<\/a><\/td>\r\n        <td class=\"ano\">2016<\/td>\r\n        <td class=\"materias\">Astr\u00e9a n\u00ba 039<\/td>\r\n    <\/tr>\r\n       <tr>\r\n        <td class=\"edicao\"><a href=\"https:\/\/www.sc33.org.br\/documents\/revista_astrea\/Astrea40.pdf\">Edi\u00e7\u00e3o 040<\/a><\/td>\r\n        <td class=\"ano\">2017<\/td>\r\n        <td class=\"materias\">Astr\u00e9a n\u00ba 040<\/td>\r\n    <\/tr>\r\n       <tr>\r\n        <td class=\"edicao\"><a href=\"https:\/\/www.sc33.org.br\/documents\/revista_astrea\/Astrea41.pdf\">Edi\u00e7\u00e3o 041<\/a><\/td>\r\n        <td class=\"ano\">2017<\/td>\r\n        <td class=\"materias\">Astr\u00e9a n\u00ba 041<\/td>\r\n    <\/tr>\r\n       <tr>\r\n        <td class=\"edicao\"><a href=\"https:\/\/www.sc33.org.br\/documents\/revista_astrea\/Astrea42.pdf\">Edi\u00e7\u00e3o 042<\/a><\/td>\r\n        <td class=\"ano\">2018<\/td>\r\n        <td class=\"materias\">Astr\u00e9a n\u00ba 042<\/td>\r\n    <\/tr>\r\n       <tr>\r\n        <td class=\"edicao\"><a href=\"https:\/\/www.sc33.org.br\/documents\/revista_astrea\/Astrea43.pdf\">Edi\u00e7\u00e3o 043<\/a><\/td>\r\n        <td class=\"ano\">2019<\/td>\r\n        <td class=\"materias\">Astr\u00e9a n\u00ba 043<\/td>\r\n    <\/tr>\r\n       <tr>\r\n        <td class=\"edicao\"><a href=\"https:\/\/www.sc33.org.br\/documents\/revista_astrea\/Astrea44.pdf\">Edi\u00e7\u00e3o 044<\/a><\/td>\r\n        <td class=\"ano\">2019<\/td>\r\n        <td class=\"materias\">Astr\u00e9a n\u00ba 044<\/td>\r\n    <\/tr>\r\n    <tr><\/tr>\r\n    <!-- Adicione mais linhas conforme necess\u00e1rio -->\r\n<\/table>\r\n<\/body>\t\t\t\t<\/div>\n\t\t\t\t<\/div>\n\t\t\t\t\t<\/div>\n\t\t<\/div>\n\t\t\t\t\t<\/div>\n\t\t<\/section>\n\t\t\t\t<\/div>\n\t\t","protected":false},"excerpt":{"rendered":"<p>Edi\u00e7\u00e3o M\u00eas Mat\u00e9rias Publicadas Edi\u00e7\u00e3o 001 Ano &#8211; 1927 Astr\u00e9a n\u00ba 01 Edi\u00e7\u00e3o 002 Ano &#8211; 1927 Astr\u00e9a n\u00ba 02 Edi\u00e7\u00e3o 003 Ano &#8211; 1927 Astr\u00e9a n\u00ba 03 Edi\u00e7\u00e3o 004 Ano &#8211; 1927 Astr\u00e9a n\u00ba 04 Edi\u00e7\u00e3o 005 Ano &#8211; 1927 Astr\u00e9a n\u00ba 05 Edi\u00e7\u00e3o 006 Ano &#8211; 1927 Astr\u00e9a [&hellip;]<\/p>\n","protected":false},"author":1,"featured_media":65,"parent":0,"menu_order":0,"comment_status":"closed","ping_status":"closed","template":"page-templates\/template-pagebuilder-full-width.php","meta":{"footnotes":""},"class_list":["post-84","page","type-page","status-publish","has-post-thumbnail","hentry"],"_links":{"self":[{"href":"https:\/\/sc33.org.br\/index.php\/wp-json\/wp\/v2\/pages\/84","targetHints":{"allow":["GET"]}}],"collection":[{"href":"https:\/\/sc33.org.br\/index.php\/wp-json\/wp\/v2\/pages"}],"about":[{"href":"https:\/\/sc33.org.br\/index.php\/wp-json\/wp\/v2\/types\/page"}],"author":[{"embeddable":true,"href":"https:\/\/sc33.org.br\/index.php\/wp-json\/wp\/v2\/users\/1"}],"replies":[{"embeddable":true,"href":"https:\/\/sc33.org.br\/index.php\/wp-json\/wp\/v2\/comments?post=84"}],"version-history":[{"count":97,"href":"https:\/\/sc33.org.br\/index.php\/wp-json\/wp\/v2\/pages\/84\/revisions"}],"predecessor-version":[{"id":1098,"href":"https:\/\/sc33.org.br\/index.php\/wp-json\/wp\/v2\/pages\/84\/revisions\/1098"}],"wp:featuredmedia":[{"embeddable":true,"href":"https:\/\/sc33.org.br\/index.php\/wp-json\/wp\/v2\/media\/65"}],"wp:attachment":[{"href":"https:\/\/sc33.org.br\/index.php\/wp-json\/wp\/v2\/media?parent=84"}],"curies":[{"name":"wp","href":"https:\/\/api.w.org\/{rel}","templated":true}]}}